{"id":2353,"date":"2025-12-04T14:37:52","date_gmt":"2025-12-04T14:37:52","guid":{"rendered":"https:\/\/lipidtools.com\/informacao\/"},"modified":"2025-12-04T15:02:13","modified_gmt":"2025-12-04T15:02:13","slug":"informacao","status":"publish","type":"page","link":"https:\/\/lipidtools.com\/pt-pt\/informacao\/","title":{"rendered":"informa\u00e7\u00e3o"},"content":{"rendered":"\t\t<div data-elementor-type=\"wp-page\" data-elementor-id=\"2353\" class=\"elementor elementor-2353 elementor-1502\" data-elementor-post-type=\"page\">\n\t\t\t\t\t\t<section class=\"elementor-section elementor-top-section elementor-element elementor-element-3322eb42 elementor-section-content-middle elementor-reverse-tablet elementor-reverse-mobile elementor-section-boxed elementor-section-height-default elementor-section-height-default\" data-id=\"3322eb42\" data-element_type=\"section\" data-e-type=\"section\" data-settings=\"{&quot;background_background&quot;:&quot;classic&quot;}\">\n\t\t\t\t\t\t<div class=\"elementor-container elementor-column-gap-no\">\n\t\t\t\t\t<div class=\"elementor-column elementor-col-100 elementor-top-column elementor-element elementor-element-29dd134f\" data-id=\"29dd134f\" data-element_type=\"column\" data-e-type=\"column\">\n\t\t\t<div class=\"elementor-widget-wrap elementor-element-populated\">\n\t\t\t\t\t\t<div class=\"elementor-element elementor-element-72f407ce elementor-widget elementor-widget-heading\" data-id=\"72f407ce\" data-element_type=\"widget\" data-e-type=\"widget\" data-widget_type=\"heading.default\">\n\t\t\t\t<div class=\"elementor-widget-container\">\n\t\t\t\t\t<h1 class=\"elementor-heading-title elementor-size-default\">Informa\u00e7\u00f5es educativas<\/h1>\t\t\t\t<\/div>\n\t\t\t\t<\/div>\n\t\t\t\t\t<\/div>\n\t\t<\/div>\n\t\t\t\t\t<\/div>\n\t\t<\/section>\n\t\t\t\t<section class=\"elementor-section elementor-top-section elementor-element elementor-element-65c624e elementor-section-boxed elementor-section-height-default elementor-section-height-default\" data-id=\"65c624e\" data-element_type=\"section\" data-e-type=\"section\" data-settings=\"{&quot;background_background&quot;:&quot;classic&quot;}\">\n\t\t\t\t\t\t<div class=\"elementor-container elementor-column-gap-default\">\n\t\t\t\t\t<div class=\"elementor-column elementor-col-100 elementor-top-column elementor-element elementor-element-7f596ea8\" data-id=\"7f596ea8\" data-element_type=\"column\" data-e-type=\"column\" id=\"information\">\n\t\t\t<div class=\"elementor-widget-wrap elementor-element-populated\">\n\t\t\t\t\t\t<div class=\"elementor-element elementor-element-6ee32099 elementor-widget elementor-widget-text-editor\" data-id=\"6ee32099\" data-element_type=\"widget\" data-e-type=\"widget\" data-widget_type=\"text-editor.default\">\n\t\t\t\t<div class=\"elementor-widget-container\">\n\t\t\t\t\t\t\t\t\t<h2><span style=\"color: inherit; font-family: inherit; font-size: 2rem; font-style: var( --e-global-typography-text-font-style ); letter-spacing: var( --e-global-typography-text-letter-spacing ); text-transform: var( --e-global-typography-text-text-transform );\">Informa\u00e7\u00f5es educativas <\/span><\/h2><p>A Lipid Tools tem o prazer de disponibilizar p\u00e1ginas educativas com informa\u00e7\u00f5es concisas sobre a aterosclerose, o metabolismo lip\u00eddico e terapias para a redu\u00e7\u00e3o dos n\u00edveis l\u00edpidos no sangue. Poder\u00e1 encontrar as p\u00e1ginas abaixo. Se tiver alguma sugest\u00e3o de informa\u00e7\u00e3o espec\u00edfica a ser adicionada, n\u00e3o hesite <a href=\"https:\/\/lipidtools.com\/pt-pt\/contacte-nos\/\">emcontactar-nos.<\/a>  <\/p>\t\t\t\t\t\t\t\t<\/div>\n\t\t\t\t<\/div>\n\t\t\t\t<section class=\"elementor-section elementor-inner-section elementor-element elementor-element-691c6eaa elementor-section-full_width elementor-section-height-default elementor-section-height-default\" data-id=\"691c6eaa\" data-element_type=\"section\" data-e-type=\"section\" data-settings=\"{&quot;background_background&quot;:&quot;classic&quot;}\">\n\t\t\t\t\t\t<div class=\"elementor-container elementor-column-gap-default\">\n\t\t\t\t\t<div class=\"elementor-column elementor-col-100 elementor-inner-column elementor-element elementor-element-35db1b8f\" data-id=\"35db1b8f\" data-element_type=\"column\" data-e-type=\"column\">\n\t\t\t<div class=\"elementor-widget-wrap elementor-element-populated\">\n\t\t\t\t\t\t<div class=\"elementor-element elementor-element-4d865f0a elementor-widget elementor-widget-text-editor\" data-id=\"4d865f0a\" data-element_type=\"widget\" data-e-type=\"widget\" data-widget_type=\"text-editor.default\">\n\t\t\t\t<div class=\"elementor-widget-container\">\n\t\t\t\t\t\t\t\t\t<h2 style=\"font-family: Inter, sans-serif;\">P\u00e1ginas informativas<\/h2><p> <\/p><ul><li style=\"font-size: 16px;\"><u><u><a style=\"color: #ffffff;\" href=\"https:\/\/lipidtools.com\/atherosclerosis\/\">A aterosclerose e o risco cardiovascular<\/a><\/u><\/u><\/li><li style=\"font-size: 16px;\"><u><u><a style=\"color: #ffffff;\" href=\"https:\/\/lipidtools.com\/pt-pt\/colesterol-ldl\/\">Colesterol LDL<\/a><\/u><\/u><\/li><li><u><u><a style=\"color: #ffffff;\" href=\"https:\/\/lipidtools.com\/pt-pt\/a-hipercolesterolemia-familiar\/\">A hipercolesterolemia familiar<\/a><\/u><\/u><\/li><li><u><u><a style=\"color: #ffffff;\" href=\"https:\/\/lipidtools.com\/pt-pt\/a-lipoproteinaa\/\">A lipoprote\u00edna(a)<\/a><\/u><\/u><\/li><li><u><u><a style=\"color: #ffffff;\" href=\"https:\/\/lipidtools.com\/pt-pt\/terapias-hipolipemiantes\/\">Terapias hipolipemiantes<\/a><\/u><\/u><\/li><\/ul><p> <\/p>\t\t\t\t\t\t\t\t<\/div>\n\t\t\t\t<\/div>\n\t\t\t\t\t<\/div>\n\t\t<\/div>\n\t\t\t\t\t<\/div>\n\t\t<\/section>\n\t\t\t\t\t<\/div>\n\t\t<\/div>\n\t\t\t\t\t<\/div>\n\t\t<\/section>\n\t\t\t\t<\/div>\n\t\t","protected":false},"excerpt":{"rendered":"<p>Informa\u00e7\u00f5es educativas Informa\u00e7\u00f5es educativas A Lipid Tools tem o prazer de disponibilizar p\u00e1ginas educativas com informa\u00e7\u00f5es concisas sobre a aterosclerose, o metabolismo lip\u00eddico e terapias para a redu\u00e7\u00e3o dos n\u00edveis l\u00edpidos no sangue. Poder\u00e1 encontrar as p\u00e1ginas abaixo. Se tiver alguma sugest\u00e3o de informa\u00e7\u00e3o espec\u00edfica a ser adicionada, n\u00e3o hesite emcontactar-nos. P\u00e1ginas informativas A aterosclerose [&hellip;]<\/p>\n","protected":false},"author":3,"featured_media":0,"parent":0,"menu_order":0,"comment_status":"closed","ping_status":"closed","template":"","meta":{"_acf_changed":false,"footnotes":""},"class_list":["post-2353","page","type-page","status-publish","hentry"],"acf":[],"_links":{"self":[{"href":"https:\/\/lipidtools.com\/pt-pt\/wp-json\/wp\/v2\/pages\/2353","targetHints":{"allow":["GET"]}}],"collection":[{"href":"https:\/\/lipidtools.com\/pt-pt\/wp-json\/wp\/v2\/pages"}],"about":[{"href":"https:\/\/lipidtools.com\/pt-pt\/wp-json\/wp\/v2\/types\/page"}],"author":[{"embeddable":true,"href":"https:\/\/lipidtools.com\/pt-pt\/wp-json\/wp\/v2\/users\/3"}],"replies":[{"embeddable":true,"href":"https:\/\/lipidtools.com\/pt-pt\/wp-json\/wp\/v2\/comments?post=2353"}],"version-history":[{"count":6,"href":"https:\/\/lipidtools.com\/pt-pt\/wp-json\/wp\/v2\/pages\/2353\/revisions"}],"predecessor-version":[{"id":2378,"href":"https:\/\/lipidtools.com\/pt-pt\/wp-json\/wp\/v2\/pages\/2353\/revisions\/2378"}],"wp:attachment":[{"href":"https:\/\/lipidtools.com\/pt-pt\/wp-json\/wp\/v2\/media?parent=2353"}],"curies":[{"name":"wp","href":"https:\/\/api.w.org\/{rel}","templated":true}]}}