{"id":2305,"date":"2025-12-04T10:57:28","date_gmt":"2025-12-04T10:57:28","guid":{"rendered":"https:\/\/lipidtools.com\/colesterolo-ldl\/"},"modified":"2026-01-05T09:21:35","modified_gmt":"2026-01-05T09:21:35","slug":"colesterolo-ldl","status":"publish","type":"page","link":"https:\/\/lipidtools.com\/it\/colesterolo-ldl\/","title":{"rendered":"Colesterolo LDL"},"content":{"rendered":"\t\t<div data-elementor-type=\"wp-page\" data-elementor-id=\"2305\" class=\"elementor elementor-2305 elementor-1148\" data-elementor-post-type=\"page\">\n\t\t\t\t\t\t<section class=\"elementor-section elementor-top-section elementor-element elementor-element-110634f5 elementor-section-content-middle elementor-reverse-tablet elementor-reverse-mobile elementor-section-boxed elementor-section-height-default elementor-section-height-default\" data-id=\"110634f5\" data-element_type=\"section\" data-e-type=\"section\" data-settings=\"{&quot;background_background&quot;:&quot;classic&quot;}\">\n\t\t\t\t\t\t<div class=\"elementor-container elementor-column-gap-no\">\n\t\t\t\t\t<div class=\"elementor-column elementor-col-100 elementor-top-column elementor-element elementor-element-2c3750c4\" data-id=\"2c3750c4\" data-element_type=\"column\" data-e-type=\"column\">\n\t\t\t<div class=\"elementor-widget-wrap elementor-element-populated\">\n\t\t\t\t\t\t<div class=\"elementor-element elementor-element-6032e97f elementor-widget elementor-widget-heading\" data-id=\"6032e97f\" data-element_type=\"widget\" data-e-type=\"widget\" data-widget_type=\"heading.default\">\n\t\t\t\t<div class=\"elementor-widget-container\">\n\t\t\t\t\t<h1 class=\"elementor-heading-title elementor-size-default\">Colesterolo LDL<\/h1>\t\t\t\t<\/div>\n\t\t\t\t<\/div>\n\t\t\t\t\t<\/div>\n\t\t<\/div>\n\t\t\t\t\t<\/div>\n\t\t<\/section>\n\t\t\t\t<section class=\"elementor-section elementor-top-section elementor-element elementor-element-644376e8 elementor-section-boxed elementor-section-height-default elementor-section-height-default\" data-id=\"644376e8\" data-element_type=\"section\" data-e-type=\"section\" data-settings=\"{&quot;background_background&quot;:&quot;classic&quot;}\">\n\t\t\t\t\t\t<div class=\"elementor-container elementor-column-gap-default\">\n\t\t\t\t\t<div class=\"elementor-column elementor-col-50 elementor-top-column elementor-element elementor-element-5ef97f52\" data-id=\"5ef97f52\" data-element_type=\"column\" data-e-type=\"column\">\n\t\t\t<div class=\"elementor-widget-wrap elementor-element-populated\">\n\t\t\t\t\t\t<div class=\"elementor-element elementor-element-6b826e87 elementor-widget elementor-widget-text-editor\" data-id=\"6b826e87\" data-element_type=\"widget\" data-e-type=\"widget\" data-widget_type=\"text-editor.default\">\n\t\t\t\t<div class=\"elementor-widget-container\">\n\t\t\t\t\t\t\t\t\t<h2>Metabolismo delle lipoproteine e aterosclerosi<\/h2><p>Il fegato svolge un ruolo centrale nel metabolismo dei lipidi. Esso produce grandi particelle di lipoproteina a bassissima densit\u00e0 (VLDL, Very Low-Density Lipoprotein), che vengono arricchite con trigliceridi e colesterolo. All&#8217;interno del flusso sanguigno, un enzima detto lipoproteina lipasi converte i trigliceridi presenti nelle particelle di VLDL in acidi grassi liberi, trasformandoli in carburante disponibile per tessuti periferici come quello muscolare e quello adiposo. Quando tali trigliceridi vengono rilasciati, le particelle di VLDL diventano pi\u00f9 piccole, trasformandosi prima in lipoproteine a densit\u00e0 intermedia (IDL, Intermediate-Density Lipoprotein) e successivamente in lipoproteine a bassa densit\u00e0 (LDL, Low-Density Lipoprotein). Le lipoproteine LDL sono pertanto un prodotto finale della fornitura di energia del corpo tramite il metabolismo dei trigliceridi, e contengono pi\u00f9 colesterolo che trigliceridi. I recettori di LDL permettono al fegato di rimuovere dal flusso sanguigno le lipoproteine LDL. Analogamente, i resti dei chilomicroni, vale a dire le particelle prodotte nell&#8217;intestino a partire dai trigliceridi apportati dal regime alimentare, subiscono lo stesso processo di trasformazione e vengono anch&#8217;essi infine assorbiti dal fegato.      <\/p><p>Le liproproteine LDL sono particelle di piccole dimensioni, in grado di attraversare l&#8217;endotelio delle arterie, dove possono essere fagocitate dai macrofagi, dando luogo alla formazione di cellule schiumose. La fisiopatologia dell&#8217;aterosclerosi causata dalle lipoproteine LDL \u00e8 descritta nella sezione <a href=\"\/atherosclerosis\/\">Fisiopatologia dell&#8217;ateroscleros<\/a>i. <\/p><h2>Storia del colesterolo LDL<\/h2><p>Le prime prove della relazione causale fra colesterolo LDL presente nel plasma e patologie cardiovascolari risalgono a oltre 100 anni fa. Il dottor Anitschkow, un medico e ricercatore russo, osserv\u00f2 un&#8217;aterosclerosi accelerata nelle arterie dei conigli alimentati con un eccesso di tuorlo d&#8217;uovo ricco di colesterolo. Prove ampie e inequivocabili del fatto che il colesterolo LDL causa l&#8217;aterosclerosi sono ormai disponibili grazie a studi di osservazione, genetici e animali nonch\u00e9 a studi randomizzati controllati che coinvolgono centinaia di migliaia di soggetti. Ampi studi randomizzati controllati con placebo relativi a farmaci per la riduzione del colesterolo LDL hanno inoltre dimostrato che nell&#8217;arco di un tempo mediano di controllo di 5 anni ogni riduzione di 1 mmol\/l del colesterolo LDL d\u00e0 luogo a una riduzione del rischio relativo di patologie cardiovascolari pari al 20% circa.   <\/p>\t\t\t\t\t\t\t\t<\/div>\n\t\t\t\t<\/div>\n\t\t\t\t\t<\/div>\n\t\t<\/div>\n\t\t\t\t<div class=\"elementor-column elementor-col-50 elementor-top-column elementor-element elementor-element-498ebf88\" data-id=\"498ebf88\" data-element_type=\"column\" data-e-type=\"column\">\n\t\t\t<div class=\"elementor-widget-wrap elementor-element-populated\">\n\t\t\t\t\t\t<section class=\"elementor-section elementor-inner-section elementor-element elementor-element-5e935072 elementor-section-full_width elementor-section-height-default elementor-section-height-default\" data-id=\"5e935072\" data-element_type=\"section\" data-e-type=\"section\" data-settings=\"{&quot;background_background&quot;:&quot;classic&quot;}\">\n\t\t\t\t\t\t<div class=\"elementor-container elementor-column-gap-default\">\n\t\t\t\t\t<div class=\"elementor-column elementor-col-100 elementor-inner-column elementor-element elementor-element-62964e1d\" data-id=\"62964e1d\" data-element_type=\"column\" data-e-type=\"column\">\n\t\t\t<div class=\"elementor-widget-wrap elementor-element-populated\">\n\t\t\t\t\t\t<div class=\"elementor-element elementor-element-2abde75f elementor-widget elementor-widget-text-editor\" data-id=\"2abde75f\" data-element_type=\"widget\" data-e-type=\"widget\" data-widget_type=\"text-editor.default\">\n\t\t\t\t<div class=\"elementor-widget-container\">\n\t\t\t\t\t\t\t\t\t<h2 style=\"font-family: Inter, sans-serif;\">Punti salienti<\/h2><ul style=\"font-size: 16px;\"><li>Le lipoproteine LDL sono aterogene e costituiscono un fattore causale inequivocabile di patologie aterosclerotiche e cardiovascolari.<\/li><li>Ogni riduzione di 1 mmol\/l del livello di colesterolo LDL d\u00e0 luogo a una riduzione del 20% del rischio relativo nelle patologie cardiovascolari.<\/li><\/ul>\t\t\t\t\t\t\t\t<\/div>\n\t\t\t\t<\/div>\n\t\t\t\t\t<\/div>\n\t\t<\/div>\n\t\t\t\t\t<\/div>\n\t\t<\/section>\n\t\t\t\t<div class=\"elementor-element elementor-element-4dafdce6 elementor-widget elementor-widget-image\" data-id=\"4dafdce6\" data-element_type=\"widget\" data-e-type=\"widget\" data-widget_type=\"image.default\">\n\t\t\t\t<div class=\"elementor-widget-container\">\n\t\t\t\t\t\t\t\t\t\t\t\t\t\t\t<img fetchpriority=\"high\" decoding=\"async\" width=\"1824\" height=\"1892\" src=\"https:\/\/lipidtools.com\/wp-content\/uploads\/2026\/01\/Figuren-IT3_c-1.png\" class=\"attachment-full size-full wp-image-3041\" alt=\"Lipid and cholesterol metabolism\" srcset=\"https:\/\/lipidtools.com\/wp-content\/uploads\/2026\/01\/Figuren-IT3_c-1.png 1824w, https:\/\/lipidtools.com\/wp-content\/uploads\/2026\/01\/Figuren-IT3_c-1-289x300.png 289w, https:\/\/lipidtools.com\/wp-content\/uploads\/2026\/01\/Figuren-IT3_c-1-987x1024.png 987w, https:\/\/lipidtools.com\/wp-content\/uploads\/2026\/01\/Figuren-IT3_c-1-768x797.png 768w, https:\/\/lipidtools.com\/wp-content\/uploads\/2026\/01\/Figuren-IT3_c-1-1481x1536.png 1481w\" sizes=\"(max-width: 1824px) 100vw, 1824px\" \/>\t\t\t\t\t\t\t\t\t\t\t\t\t\t\t<\/div>\n\t\t\t\t<\/div>\n\t\t\t\t\t<\/div>\n\t\t<\/div>\n\t\t\t\t\t<\/div>\n\t\t<\/section>\n\t\t\t\t<section class=\"elementor-section elementor-top-section elementor-element elementor-element-7129470a elementor-section-boxed elementor-section-height-default elementor-section-height-default\" data-id=\"7129470a\" data-element_type=\"section\" data-e-type=\"section\">\n\t\t\t\t\t\t<div class=\"elementor-container elementor-column-gap-default\">\n\t\t\t\t\t<div class=\"elementor-column elementor-col-50 elementor-top-column elementor-element elementor-element-32f8f267\" data-id=\"32f8f267\" data-element_type=\"column\" data-e-type=\"column\">\n\t\t\t<div class=\"elementor-widget-wrap elementor-element-populated\">\n\t\t\t\t\t\t<div class=\"elementor-element elementor-element-58a4f453 elementor-widget elementor-widget-image\" data-id=\"58a4f453\" data-element_type=\"widget\" data-e-type=\"widget\" data-widget_type=\"image.default\">\n\t\t\t\t<div class=\"elementor-widget-container\">\n\t\t\t\t\t\t\t\t\t\t\t\t\t\t\t<img decoding=\"async\" width=\"1672\" height=\"988\" src=\"https:\/\/lipidtools.com\/wp-content\/uploads\/2026\/01\/Figuren-IT5_c-1.png\" class=\"attachment-full size-full wp-image-3046\" alt=\"Relationship between LDL cholesterol and cardiovascular risk\" srcset=\"https:\/\/lipidtools.com\/wp-content\/uploads\/2026\/01\/Figuren-IT5_c-1.png 1672w, https:\/\/lipidtools.com\/wp-content\/uploads\/2026\/01\/Figuren-IT5_c-1-300x177.png 300w, https:\/\/lipidtools.com\/wp-content\/uploads\/2026\/01\/Figuren-IT5_c-1-1024x605.png 1024w, https:\/\/lipidtools.com\/wp-content\/uploads\/2026\/01\/Figuren-IT5_c-1-768x454.png 768w, https:\/\/lipidtools.com\/wp-content\/uploads\/2026\/01\/Figuren-IT5_c-1-1536x908.png 1536w\" sizes=\"(max-width: 1672px) 100vw, 1672px\" \/>\t\t\t\t\t\t\t\t\t\t\t\t\t\t\t<\/div>\n\t\t\t\t<\/div>\n\t\t\t\t\t<\/div>\n\t\t<\/div>\n\t\t\t\t<div class=\"elementor-column elementor-col-50 elementor-top-column elementor-element elementor-element-cebe0cd\" data-id=\"cebe0cd\" data-element_type=\"column\" data-e-type=\"column\">\n\t\t\t<div class=\"elementor-widget-wrap elementor-element-populated\">\n\t\t\t\t\t\t<div class=\"elementor-element elementor-element-6feca6a7 elementor-widget elementor-widget-text-editor\" data-id=\"6feca6a7\" data-element_type=\"widget\" data-e-type=\"widget\" data-widget_type=\"text-editor.default\">\n\t\t\t\t<div class=\"elementor-widget-container\">\n\t\t\t\t\t\t\t\t\t<h2><span style=\"color: inherit; font-family: inherit; font-size: 2rem; letter-spacing: 0px;\">LDL e genetica<\/span><\/h2><p>Oggi disponiamo anche di dati genetici su come il colesterolo LDL sia associato alle malattie cardiovascolari. <a href=\"https:\/\/lipidtools.com\/it\/ipercolesterolemia-familiare\/\">La ipercolesterolemia familiare (FH)<\/a>, ad esempio, \u00e8 un disturbo autosomico codominante caratterizzato dall\u2019accumulo di alti livelli di colesterolo LDL fin dalla nascita, che espone i pazienti a un alto rischio di malattie cardiovascolari.<br> <br> Al contrario, alcune varianti genetiche che causano livelli pi\u00f9 bassi di colesterolo LDL per tutta la vita determinano una minore incidenza di malattie cardiovascolari. Poich\u00e9 il materiale genetico (DNA) \u00e8 fissato alla nascita e vi \u00e8 una probabilit\u00e0 del 50% di ereditare un allele dal padre o dalla madre, questo tipo di ricerca genetica \u00e8 considerato anche un metodo per dimostrare la causalit\u00e0 tra livelli elevati di colesterolo LDL e le malattie cardiovascolari. Questo tipo di studi \u00e8 chiamato studi di randomizzazione mendeliana ed \u00e8 analogo agli studi clinici randomizzati e controllati sui farmaci.<br> <br>  Gli studi di randomizzazione mendeliana hanno mostrato che un livello di colesterolo LDL inferiore di 1 mmol\/l per motivi genetici d\u00e0 luogo a una riduzione del 54% del rischio di patologie cardiovascolari nell&#8217;arco di un tempo mediano di controllo di 52 anni.<\/p><p>In conclusione, l&#8217;esposizione al colesterolo LDL lungo tutta la vita determina il rischio di patologie cardiovascolari. Si tratta di una misura simile agli \u201canni-pacchetto\u201d per i pazienti che fumano. Ulteriori informazioni sull&#8217;effetto della riduzione del colesterolo LDL sono disponibili nella pagina <a href=\"https:\/\/lipidtools.com\/it\/terapie-ipolipemizzanti\/\">Terapie ipolipemizzanti<\/a>.  <\/p>\t\t\t\t\t\t\t\t<\/div>\n\t\t\t\t<\/div>\n\t\t\t\t\t<\/div>\n\t\t<\/div>\n\t\t\t\t\t<\/div>\n\t\t<\/section>\n\t\t\t\t<\/div>\n\t\t","protected":false},"excerpt":{"rendered":"<p>Colesterolo LDL Metabolismo delle lipoproteine e aterosclerosi Il fegato svolge un ruolo centrale nel metabolismo dei lipidi. Esso produce grandi particelle di lipoproteina a bassissima densit\u00e0 (VLDL, Very Low-Density Lipoprotein), che vengono arricchite con trigliceridi e colesterolo. All&#8217;interno del flusso sanguigno, un enzima detto lipoproteina lipasi converte i trigliceridi presenti nelle particelle di VLDL in [&hellip;]<\/p>\n","protected":false},"author":3,"featured_media":0,"parent":0,"menu_order":0,"comment_status":"closed","ping_status":"closed","template":"","meta":{"_acf_changed":false,"footnotes":""},"class_list":["post-2305","page","type-page","status-publish","hentry"],"acf":[],"_links":{"self":[{"href":"https:\/\/lipidtools.com\/it\/wp-json\/wp\/v2\/pages\/2305","targetHints":{"allow":["GET"]}}],"collection":[{"href":"https:\/\/lipidtools.com\/it\/wp-json\/wp\/v2\/pages"}],"about":[{"href":"https:\/\/lipidtools.com\/it\/wp-json\/wp\/v2\/types\/page"}],"author":[{"embeddable":true,"href":"https:\/\/lipidtools.com\/it\/wp-json\/wp\/v2\/users\/3"}],"replies":[{"embeddable":true,"href":"https:\/\/lipidtools.com\/it\/wp-json\/wp\/v2\/comments?post=2305"}],"version-history":[{"count":5,"href":"https:\/\/lipidtools.com\/it\/wp-json\/wp\/v2\/pages\/2305\/revisions"}],"predecessor-version":[{"id":3114,"href":"https:\/\/lipidtools.com\/it\/wp-json\/wp\/v2\/pages\/2305\/revisions\/3114"}],"wp:attachment":[{"href":"https:\/\/lipidtools.com\/it\/wp-json\/wp\/v2\/media?parent=2305"}],"curies":[{"name":"wp","href":"https:\/\/api.w.org\/{rel}","templated":true}]}}