{"id":2287,"date":"2025-12-03T14:39:18","date_gmt":"2025-12-03T14:39:18","guid":{"rendered":"https:\/\/lipidtools.com\/clause-de-non-responsabilite\/"},"modified":"2025-12-03T14:39:19","modified_gmt":"2025-12-03T14:39:19","slug":"clause-de-non-responsabilite","status":"publish","type":"page","link":"https:\/\/lipidtools.com\/fr\/clause-de-non-responsabilite\/","title":{"rendered":"Clause de non-responsabilit\u00e9"},"content":{"rendered":"\t\t<div data-elementor-type=\"wp-page\" data-elementor-id=\"2287\" class=\"elementor elementor-2287 elementor-570\" data-elementor-post-type=\"page\">\n\t\t\t\t\t\t<section class=\"elementor-section elementor-top-section elementor-element elementor-element-e46a701 elementor-section-full_width elementor-section-height-default elementor-section-height-default\" data-id=\"e46a701\" data-element_type=\"section\" data-e-type=\"section\" data-settings=\"{&quot;background_background&quot;:&quot;classic&quot;}\">\n\t\t\t\t\t\t<div class=\"elementor-container elementor-column-gap-no\">\n\t\t\t\t\t<div class=\"elementor-column elementor-col-100 elementor-top-column elementor-element elementor-element-b31cb58\" data-id=\"b31cb58\" data-element_type=\"column\" data-e-type=\"column\">\n\t\t\t<div class=\"elementor-widget-wrap elementor-element-populated\">\n\t\t\t\t\t\t<div class=\"elementor-element elementor-element-01423ca elementor-widget__width-auto elementor-invisible elementor-widget elementor-widget-heading\" data-id=\"01423ca\" data-element_type=\"widget\" data-e-type=\"widget\" data-settings=\"{&quot;_animation&quot;:&quot;fadeInUp&quot;}\" data-widget_type=\"heading.default\">\n\t\t\t\t<div class=\"elementor-widget-container\">\n\t\t\t\t\t<span class=\"elementor-heading-title elementor-size-default\">Clause de non-responsabilit\u00e9<\/span>\t\t\t\t<\/div>\n\t\t\t\t<\/div>\n\t\t\t\t<div class=\"elementor-element elementor-element-da6d18d elementor-widget__width-initial elementor-widget elementor-widget-text-editor\" data-id=\"da6d18d\" data-element_type=\"widget\" data-e-type=\"widget\" data-widget_type=\"text-editor.default\">\n\t\t\t\t<div class=\"elementor-widget-container\">\n\t\t\t\t\t\t\t\t\t<h1>Conditions d&rsquo;utilisation<\/h1><p>Les pr\u00e9sentes conditions d&rsquo;utilisation r\u00e9gissent les conditions d&rsquo;utilisation des sites web www.lipidtools.com et www.lipidtools.nl. L&rsquo;utilisation du site web comprend l&rsquo;acc\u00e8s, la navigation et l&rsquo;utilisation ult\u00e9rieure de ce site web. Veuillez lire attentivement les pr\u00e9sentes conditions d&rsquo;utilisation avant d&rsquo;utiliser le site web, car elles s&rsquo;appliquent \u00e0 votre utilisation de ce site web. En utilisant ce site web, vous acceptez et approuvez les pr\u00e9sentes conditions d&rsquo;utilisation. Si vous n&rsquo;acceptez pas les pr\u00e9sentes conditions d&rsquo;utilisation, vous ne pouvez pas utiliser ce site web.    <\/p><h1>Modifications des pr\u00e9sentes conditions et du site web<\/h1><p>Nous pouvons r\u00e9viser les pr\u00e9sentes conditions d&rsquo;utilisation \u00e0 tout moment en modifiant cette page. Veuillez consulter cette page de temps \u00e0 autre pour prendre connaissance des modifications que nous avons apport\u00e9es, car elles vous engagent. En outre, nous pouvons mettre \u00e0 jour ce site web de temps \u00e0 autre et modifier son contenu \u00e0 tout moment. Veuillez toutefois noter que le contenu de ce site web peut \u00eatre obsol\u00e8te \u00e0 tout moment et que nous ne sommes pas tenus de le mettre \u00e0 jour. Nous ne garantissons pas que ce site web ou son contenu soient exempts d&rsquo;erreurs ou d&rsquo;omissions.    <\/p><h1>Confidentialit\u00e9<\/h1><p>Notre politique de confidentialit\u00e9 est disponible <a href=\"https:\/\/lipidtools.com\/privacy\/\">ici<\/a>.<\/p><h1>Informations sur ce site web<\/h1><p>Informations sur ce site web www.lipidtools.com et www.lipidtools.nl, tous les outils, marques commerciales et autres \u00e9l\u00e9ments connexes figurant sur ce site web sont d\u00e9velopp\u00e9s et d\u00e9tenus par Lipid Tools B.V. (\u00ab Nous \u00bb), enregistr\u00e9e aupr\u00e8s de la Kamer van Koophandel n\u00e9erlandaise sous le num\u00e9ro 77747119.<\/p><h1>\u00c0 des fins \u00e9ducatives uniquement<\/h1><p>Le contenu de ce site web est destin\u00e9 \u00e0 des fins \u00e9ducatives et de r\u00e9f\u00e9rence uniquement. Le contenu de ce site web ne fournit pas de conseils m\u00e9dicaux relatifs \u00e0 un cas individuel ou \u00e0 un patient, ni n&rsquo;offre de services m\u00e9dicaux ou diagnostiques. Nous ne garantissons pas que les informations que nous fournissons r\u00e9pondront \u00e0 vos besoins en mati\u00e8re de sant\u00e9 ou de m\u00e9decine. Il vous appartient de contacter un professionnel de sant\u00e9 si vous avez des inqui\u00e9tudes concernant votre sant\u00e9. Si vous \u00eates un professionnel de la sant\u00e9 ou un m\u00e9decin, nous vous encourageons \u00e0 utiliser le contenu de ce site web \u00e0 des fins d&rsquo;information g\u00e9n\u00e9rale. Toutefois, vous ne devez pas vous fier aux informations contenues sur ce site web et nous d\u00e9clinons toute responsabilit\u00e9 si vous le faites. Les outils propos\u00e9s sur ce site web ne sont pas des dispositifs m\u00e9dicaux au sens du r\u00e8glement (UE) 2017\/745.      <\/p><h1>Acc\u00e8s au site web<\/h1><p>Ce site web est accessible gratuitement. Nous ne garantissons pas que ce site web ou son contenu seront toujours disponibles ou disponibles sans interruption. L&rsquo;acc\u00e8s \u00e0 ce site web est autoris\u00e9 \u00e0 titre temporaire. Nous pouvons suspendre, r\u00e9voquer, interrompre ou modifier ce site web en tout ou en partie sans pr\u00e9avis. Nous ne serons pas responsables si, pour quelque raison que ce soit, ce site web est indisponible \u00e0 tout moment ou pendant une p\u00e9riode donn\u00e9e. Il vous appartient de prendre toutes les dispositions n\u00e9cessaires pour acc\u00e9der \u00e0 ce site web. Vous \u00eates \u00e9galement responsable de vous assurer que toutes les personnes acc\u00e9dant \u00e0 ce site web via votre connexion Internet connaissent et respectent les pr\u00e9sentes conditions d&rsquo;utilisation et les autres conditions g\u00e9n\u00e9rales applicables.      <\/p><h1>Propri\u00e9t\u00e9 intellectuelle<\/h1><p>Nous sommes propri\u00e9taires ou titulaires de tous les droits de propri\u00e9t\u00e9 intellectuelle sur ce site web et sur le mat\u00e9riel qui y est publi\u00e9, \u00e0 l&rsquo;exception des donn\u00e9es sous-jacentes sur lesquelles repose l&rsquo;outil de valeurs de r\u00e9f\u00e9rence. Ces derni\u00e8res sont la propri\u00e9t\u00e9 de Lifelines (www.lifelines.nl). Ces \u0153uvres sont prot\u00e9g\u00e9es par les lois et trait\u00e9s internationaux sur le droit d&rsquo;auteur. Tous droits r\u00e9serv\u00e9s. Les droits sur les images, marques commerciales, noms commerciaux, logos et autres \u00e9l\u00e9ments similaires figurant sur ce site web sont la propri\u00e9t\u00e9 de Lipid Tools B.V. Vous n&rsquo;\u00eates pas autoris\u00e9 \u00e0 utiliser une partie quelconque du contenu de ce site web \u00e0 des fins commerciales sans avoir obtenu notre autorisation pr\u00e9alable.     <\/p><h1>Limitation de notre responsabilit\u00e9<\/h1><p>Aucune disposition des pr\u00e9sentes conditions d&rsquo;utilisation n&rsquo;exclut ou ne limite notre responsabilit\u00e9 en cas de d\u00e9c\u00e8s ou de blessure corporelle r\u00e9sultant de notre n\u00e9gligence, de notre fraude ou de notre d\u00e9claration frauduleuse, ou toute autre responsabilit\u00e9 qui ne peut \u00eatre exclue ou limit\u00e9e par la loi n\u00e9erlandaise. Dans toute la mesure permise par la loi, nous excluons toutes les conditions, garanties, d\u00e9clarations ou autres termes qui peuvent s&rsquo;appliquer \u00e0 ce site web ou \u00e0 son contenu, qu&rsquo;ils soient explicites ou implicites. Nous ne sommes pas responsables envers les utilisateurs pour toute perte ou tout dommage, qu&rsquo;il s&rsquo;agisse d&rsquo;un contrat, d&rsquo;un d\u00e9lit civil (y compris la n\u00e9gligence), d&rsquo;une violation de la loi ou autre, m\u00eame s&rsquo;il \u00e9tait pr\u00e9visible, d\u00e9coulant de ou li\u00e9 \u00e0 l&rsquo;utilisation ou \u00e0 l&rsquo;impossibilit\u00e9 d&rsquo;utiliser ce site web. Nous ne serons pas responsables des pertes ou dommages caus\u00e9s par un virus, une attaque par d\u00e9ni de service distribu\u00e9 ou tout autre mat\u00e9riel technologiquement nuisible qui pourrait infecter votre \u00e9quipement informatique, vos programmes informatiques, vos donn\u00e9es ou tout autre mat\u00e9riel propri\u00e9taire \u00e0 la suite de votre utilisation de ce site web ou du t\u00e9l\u00e9chargement de tout contenu \u00e0 partir du site web ou de tout site web qui y est li\u00e9. Nous ne sommes pas responsables du contenu des sites web li\u00e9s \u00e0 ce site web. Ces liens ne doivent pas \u00eatre interpr\u00e9t\u00e9s comme une approbation de notre part des sites web li\u00e9s. Nous ne sommes pas responsables des pertes ou dommages pouvant r\u00e9sulter de votre utilisation de ce site web.      <\/p><h1>Loi applicable<\/h1><p>Ce site web et la clause de non-responsabilit\u00e9 sont r\u00e9gis par le droit n\u00e9erlandais. Tous les litiges d\u00e9coulant de ou li\u00e9s \u00e0 cette clause de non-responsabilit\u00e9 seront soumis exclusivement \u00e0 un tribunal comp\u00e9tent aux Pays-Bas. <\/p>\t\t\t\t\t\t\t\t<\/div>\n\t\t\t\t<\/div>\n\t\t\t\t<div class=\"elementor-element elementor-element-279d47f elementor-absolute elementor-widget elementor-widget-image\" data-id=\"279d47f\" data-element_type=\"widget\" data-e-type=\"widget\" data-settings=\"{&quot;_position&quot;:&quot;absolute&quot;}\" data-widget_type=\"image.default\">\n\t\t\t\t<div class=\"elementor-widget-container\">\n\t\t\t\t\t\t\t\t\t\t\t\t\t\t\t<img fetchpriority=\"high\" decoding=\"async\" width=\"240\" height=\"247\" src=\"https:\/\/lipidtools.com\/wp-content\/uploads\/2022\/02\/Lipid-Favicon-01.svg\" class=\"attachment-large size-large wp-image-2296\" alt=\"\" \/>\t\t\t\t\t\t\t\t\t\t\t\t\t\t\t<\/div>\n\t\t\t\t<\/div>\n\t\t\t\t\t<\/div>\n\t\t<\/div>\n\t\t\t\t\t<\/div>\n\t\t<\/section>\n\t\t\t\t<\/div>\n\t\t","protected":false},"excerpt":{"rendered":"<p>Clause de non-responsabilit\u00e9 Conditions d&rsquo;utilisation Les pr\u00e9sentes conditions d&rsquo;utilisation r\u00e9gissent les conditions d&rsquo;utilisation des sites web www.lipidtools.com et www.lipidtools.nl. L&rsquo;utilisation du site web comprend l&rsquo;acc\u00e8s, la navigation et l&rsquo;utilisation ult\u00e9rieure de ce site web. Veuillez lire attentivement les pr\u00e9sentes conditions d&rsquo;utilisation avant d&rsquo;utiliser le site web, car elles s&rsquo;appliquent \u00e0 votre utilisation de ce site [&hellip;]<\/p>\n","protected":false},"author":3,"featured_media":0,"parent":0,"menu_order":0,"comment_status":"closed","ping_status":"closed","template":"","meta":{"_acf_changed":false,"footnotes":""},"class_list":["post-2287","page","type-page","status-publish","hentry"],"acf":[],"_links":{"self":[{"href":"https:\/\/lipidtools.com\/fr\/wp-json\/wp\/v2\/pages\/2287","targetHints":{"allow":["GET"]}}],"collection":[{"href":"https:\/\/lipidtools.com\/fr\/wp-json\/wp\/v2\/pages"}],"about":[{"href":"https:\/\/lipidtools.com\/fr\/wp-json\/wp\/v2\/types\/page"}],"author":[{"embeddable":true,"href":"https:\/\/lipidtools.com\/fr\/wp-json\/wp\/v2\/users\/3"}],"replies":[{"embeddable":true,"href":"https:\/\/lipidtools.com\/fr\/wp-json\/wp\/v2\/comments?post=2287"}],"version-history":[{"count":1,"href":"https:\/\/lipidtools.com\/fr\/wp-json\/wp\/v2\/pages\/2287\/revisions"}],"predecessor-version":[{"id":2288,"href":"https:\/\/lipidtools.com\/fr\/wp-json\/wp\/v2\/pages\/2287\/revisions\/2288"}],"wp:attachment":[{"href":"https:\/\/lipidtools.com\/fr\/wp-json\/wp\/v2\/media?parent=2287"}],"curies":[{"name":"wp","href":"https:\/\/api.w.org\/{rel}","templated":true}]}}