{"id":2186,"date":"2025-12-02T15:51:23","date_gmt":"2025-12-02T15:51:23","guid":{"rendered":"https:\/\/lipidtools.com\/lipoproteinaa\/"},"modified":"2026-01-05T08:40:26","modified_gmt":"2026-01-05T08:40:26","slug":"lipoproteinaa","status":"publish","type":"page","link":"https:\/\/lipidtools.com\/es\/lipoproteinaa\/","title":{"rendered":"Lipoprote\u00edna(a)"},"content":{"rendered":"\t\t<div data-elementor-type=\"wp-page\" data-elementor-id=\"2186\" class=\"elementor elementor-2186 elementor-1234\" data-elementor-post-type=\"page\">\n\t\t\t\t\t\t<section class=\"elementor-section elementor-top-section elementor-element elementor-element-18cf45b9 elementor-section-content-middle elementor-reverse-tablet elementor-reverse-mobile elementor-section-boxed elementor-section-height-default elementor-section-height-default\" data-id=\"18cf45b9\" data-element_type=\"section\" data-e-type=\"section\" data-settings=\"{&quot;background_background&quot;:&quot;classic&quot;}\">\n\t\t\t\t\t\t<div class=\"elementor-container elementor-column-gap-no\">\n\t\t\t\t\t<div class=\"elementor-column elementor-col-100 elementor-top-column elementor-element elementor-element-76f574f7\" data-id=\"76f574f7\" data-element_type=\"column\" data-e-type=\"column\">\n\t\t\t<div class=\"elementor-widget-wrap elementor-element-populated\">\n\t\t\t\t\t\t<div class=\"elementor-element elementor-element-35d06d7a elementor-widget elementor-widget-heading\" data-id=\"35d06d7a\" data-element_type=\"widget\" data-e-type=\"widget\" data-widget_type=\"heading.default\">\n\t\t\t\t<div class=\"elementor-widget-container\">\n\t\t\t\t\t<h1 class=\"elementor-heading-title elementor-size-default\">Lipoprote\u00edna(a)<\/h1>\t\t\t\t<\/div>\n\t\t\t\t<\/div>\n\t\t\t\t\t<\/div>\n\t\t<\/div>\n\t\t\t\t\t<\/div>\n\t\t<\/section>\n\t\t\t\t<section class=\"elementor-section elementor-top-section elementor-element elementor-element-2a1fd08b elementor-section-boxed elementor-section-height-default elementor-section-height-default\" data-id=\"2a1fd08b\" data-element_type=\"section\" data-e-type=\"section\" data-settings=\"{&quot;background_background&quot;:&quot;classic&quot;}\">\n\t\t\t\t\t\t<div class=\"elementor-container elementor-column-gap-default\">\n\t\t\t\t\t<div class=\"elementor-column elementor-col-50 elementor-top-column elementor-element elementor-element-317e2458\" data-id=\"317e2458\" data-element_type=\"column\" data-e-type=\"column\">\n\t\t\t<div class=\"elementor-widget-wrap elementor-element-populated\">\n\t\t\t\t\t\t<div class=\"elementor-element elementor-element-6f68067e elementor-widget elementor-widget-text-editor\" data-id=\"6f68067e\" data-element_type=\"widget\" data-e-type=\"widget\" data-widget_type=\"text-editor.default\">\n\t\t\t\t<div class=\"elementor-widget-container\">\n\t\t\t\t\t\t\t\t\t<h2>\u00bfQu\u00e9 es la Lp(a)?<\/h2><p>La lipoprote\u00edna(a) [Lp(a)] es una part\u00edcula lip\u00eddica circulante formada por una part\u00edcula <a href=\"https:\/\/lipidtools.com\/es\/colesterol-ldl\/\">LDL <\/a>con una uni\u00f3n covalente a una cola de apolipoprote\u00edna(a) [apo(a)]. La cola apo(a) est\u00e1 formada por unas prote\u00ednas denominadas dominio Kringle. El Kringle IV tipo 2 puede variar en longitud y es un determinante importante del tama\u00f1o de las part\u00edculas de Lp(a). El tama\u00f1o de las part\u00edculas de Lp(a) es inversamente proporcional a la concentraci\u00f3n plasm\u00e1tica de Lp(a), lo que significa que los individuos con part\u00edculas de Lp(a) m\u00e1s peque\u00f1as tienen concentraciones plasm\u00e1ticas de Lp(a) m\u00e1s elevadas, y viceversa. Tanto los estudios observacionales como los gen\u00e9ticos han demostrado que la Lp(a) es un factor de riesgo independiente de aterosclerosis y estenosis de la v\u00e1lvula a\u00f3rtica. El aumento del riesgo de enfermedad cardiovascular viene determinado fisiopatol\u00f3gicamente tanto por el contenido de colesterol de la Lp(a) \u2014ya que la Lp(a) es fundamentalmente una part\u00edcula LDL\u2014 como por los fosfol\u00edpidos oxidados unidos a la cola de la apo(a) que provocan que se activen las c\u00e9lulas inmunitarias de la pared vascular.     <\/p><p>En la poblaci\u00f3n general, las concentraciones de Lp(a) est\u00e1n sesgadas a la derecha, lo que significa que una peque\u00f1a proporci\u00f3n de individuos tiene niveles de Lp(a) extremadamente elevados. Existe una asociaci\u00f3n continua entre los niveles de Lp(a) y el riesgo de enfermedad cardiovascular; cuanto mayores son los niveles de Lp(a), mayor es el riesgo de enfermedad cardiovascular. Aproximadamente el 20% de los individuos de la poblaci\u00f3n general presenta niveles elevados de Lp(a), que se definen como niveles superiores a 105 nmol\/L (50 mg\/dl). Esto se asocia a un riesgo aproximadamente 1,5 veces mayor de padecer enfermedades cardiovasculares. Aproximadamente el 1% de la poblaci\u00f3n tiene niveles extremadamente altos de Lp(a) (&gt;380 nmol\/L o 180 mg\/dl) y un riesgo tres veces mayor de enfermedad cardiovascular.   <\/p><p>Los niveles de Lp(a) dependen del origen \u00e9tnico. En comparaci\u00f3n con los europeos y estadounidenses blancos, los individuos de ascendencia africana presentan niveles de Lp(a) m\u00e1s elevados, y las poblaciones asi\u00e1ticas suelen tener niveles m\u00e1s bajos. <\/p>\t\t\t\t\t\t\t\t<\/div>\n\t\t\t\t<\/div>\n\t\t\t\t\t<\/div>\n\t\t<\/div>\n\t\t\t\t<div class=\"elementor-column elementor-col-50 elementor-top-column elementor-element elementor-element-319b4d00\" data-id=\"319b4d00\" data-element_type=\"column\" data-e-type=\"column\">\n\t\t\t<div class=\"elementor-widget-wrap elementor-element-populated\">\n\t\t\t\t\t\t<section class=\"elementor-section elementor-inner-section elementor-element elementor-element-f923f64 elementor-section-full_width elementor-section-height-default elementor-section-height-default\" data-id=\"f923f64\" data-element_type=\"section\" data-e-type=\"section\" data-settings=\"{&quot;background_background&quot;:&quot;classic&quot;}\">\n\t\t\t\t\t\t<div class=\"elementor-container elementor-column-gap-default\">\n\t\t\t\t\t<div class=\"elementor-column elementor-col-100 elementor-inner-column elementor-element elementor-element-1ae7cd45\" data-id=\"1ae7cd45\" data-element_type=\"column\" data-e-type=\"column\">\n\t\t\t<div class=\"elementor-widget-wrap elementor-element-populated\">\n\t\t\t\t\t\t<div class=\"elementor-element elementor-element-5a6a606f elementor-widget elementor-widget-text-editor\" data-id=\"5a6a606f\" data-element_type=\"widget\" data-e-type=\"widget\" data-widget_type=\"text-editor.default\">\n\t\t\t\t<div class=\"elementor-widget-container\">\n\t\t\t\t\t\t\t\t\t<h2>Puntos clave<\/h2><ul><li>La Lp(a) es una part\u00edcula lip\u00eddica formada por una part\u00edcula de LDL unida a una cola de apo(a).<\/li><li>Las concentraciones plasm\u00e1ticas de Lp(a) est\u00e1n determinadas en gran medida por la gen\u00e9tica, y por tanto permanecen relativamente constantes a lo largo de la vida.<\/li><li>Aproximadamente el 20% de la poblaci\u00f3n tiene niveles elevados de Lp(a) definidos como Lp(a) &gt; 105 nmol\/L (50 mg\/dl).<\/li><li>La Lp(a) se asocia directamente a las enfermedades cardiovasculares y puede triplicar el riesgo de padecerlas.<\/li><li>Las terapias reductoras de la Lp(a), actualmente investigadas en ensayos de fase 3, pueden proporcionar una reducci\u00f3n de hasta el 90% de la concentraci\u00f3n de Lp(a).<\/li><\/ul>\t\t\t\t\t\t\t\t<\/div>\n\t\t\t\t<\/div>\n\t\t\t\t\t<\/div>\n\t\t<\/div>\n\t\t\t\t\t<\/div>\n\t\t<\/section>\n\t\t\t\t<div class=\"elementor-element elementor-element-1c37934f elementor-widget elementor-widget-image\" data-id=\"1c37934f\" data-element_type=\"widget\" data-e-type=\"widget\" data-widget_type=\"image.default\">\n\t\t\t\t<div class=\"elementor-widget-container\">\n\t\t\t\t\t\t\t\t\t\t\t\t\t\t\t<img fetchpriority=\"high\" decoding=\"async\" width=\"1744\" height=\"804\" src=\"https:\/\/lipidtools.com\/wp-content\/uploads\/2026\/01\/Figuren-ES8_c-1.png\" class=\"attachment-full size-full wp-image-3074\" alt=\"LDL particle vs. Lp(a) particle\" srcset=\"https:\/\/lipidtools.com\/wp-content\/uploads\/2026\/01\/Figuren-ES8_c-1.png 1744w, https:\/\/lipidtools.com\/wp-content\/uploads\/2026\/01\/Figuren-ES8_c-1-300x138.png 300w, https:\/\/lipidtools.com\/wp-content\/uploads\/2026\/01\/Figuren-ES8_c-1-1024x472.png 1024w, https:\/\/lipidtools.com\/wp-content\/uploads\/2026\/01\/Figuren-ES8_c-1-768x354.png 768w, https:\/\/lipidtools.com\/wp-content\/uploads\/2026\/01\/Figuren-ES8_c-1-1536x708.png 1536w\" sizes=\"(max-width: 1744px) 100vw, 1744px\" \/>\t\t\t\t\t\t\t\t\t\t\t\t\t\t\t<\/div>\n\t\t\t\t<\/div>\n\t\t\t\t\t<\/div>\n\t\t<\/div>\n\t\t\t\t\t<\/div>\n\t\t<\/section>\n\t\t\t\t<section class=\"elementor-section elementor-top-section elementor-element elementor-element-3d87aa25 elementor-section-boxed elementor-section-height-default elementor-section-height-default\" data-id=\"3d87aa25\" data-element_type=\"section\" data-e-type=\"section\">\n\t\t\t\t\t\t<div class=\"elementor-container elementor-column-gap-default\">\n\t\t\t\t\t<div class=\"elementor-column elementor-col-50 elementor-top-column elementor-element elementor-element-3c7c9692\" data-id=\"3c7c9692\" data-element_type=\"column\" data-e-type=\"column\">\n\t\t\t<div class=\"elementor-widget-wrap elementor-element-populated\">\n\t\t\t\t\t\t<div class=\"elementor-element elementor-element-d2feaa9 elementor-widget elementor-widget-image\" data-id=\"d2feaa9\" data-element_type=\"widget\" data-e-type=\"widget\" data-widget_type=\"image.default\">\n\t\t\t\t<div class=\"elementor-widget-container\">\n\t\t\t\t\t\t\t\t\t\t\t\t\t\t\t<img decoding=\"async\" width=\"1462\" height=\"1325\" src=\"https:\/\/lipidtools.com\/wp-content\/uploads\/2026\/01\/Figuren-ES9_c-1.png\" class=\"attachment-full size-full wp-image-3079\" alt=\"Lp(a) distribution and cardiovascular risk\" srcset=\"https:\/\/lipidtools.com\/wp-content\/uploads\/2026\/01\/Figuren-ES9_c-1.png 1462w, https:\/\/lipidtools.com\/wp-content\/uploads\/2026\/01\/Figuren-ES9_c-1-300x272.png 300w, https:\/\/lipidtools.com\/wp-content\/uploads\/2026\/01\/Figuren-ES9_c-1-1024x928.png 1024w, https:\/\/lipidtools.com\/wp-content\/uploads\/2026\/01\/Figuren-ES9_c-1-768x696.png 768w\" sizes=\"(max-width: 1462px) 100vw, 1462px\" \/>\t\t\t\t\t\t\t\t\t\t\t\t\t\t\t<\/div>\n\t\t\t\t<\/div>\n\t\t\t\t\t<\/div>\n\t\t<\/div>\n\t\t\t\t<div class=\"elementor-column elementor-col-50 elementor-top-column elementor-element elementor-element-31a7b86\" data-id=\"31a7b86\" data-element_type=\"column\" data-e-type=\"column\">\n\t\t\t<div class=\"elementor-widget-wrap elementor-element-populated\">\n\t\t\t\t\t\t<div class=\"elementor-element elementor-element-3f3e5756 elementor-widget elementor-widget-text-editor\" data-id=\"3f3e5756\" data-element_type=\"widget\" data-e-type=\"widget\" data-widget_type=\"text-editor.default\">\n\t\t\t\t<div class=\"elementor-widget-container\">\n\t\t\t\t\t\t\t\t\t<h2>\u00bfQu\u00e9 determina el nivel de Lp(a)?<\/h2><p>Los niveles de Lp(a) est\u00e1n determinados gen\u00e9ticamente en m\u00e1s de un 90% y permanecen relativamente constantes a lo largo de la vida. La edad, el sexo y el estilo de vida apenas influyen en los niveles de Lp(a). Por t\u00e9rmino medio, los individuos de ascendencia africana tienen niveles de Lp(a) cuatro veces superiores a los de los individuos de origen europeo occidental, con unos 75 nmol\/L de media. El patr\u00f3n hereditario de la Lp(a) es complejo y no se conoce del todo; sin embargo, algunas familias presentan un patr\u00f3n claro de Lp(a) elevada y enfermedad cardiovascular.    <\/p><h2>\u00bfCu\u00e1ndo debe medirse la Lp(a)?<\/h2><p>En la mayor\u00eda de los hospitales y otras pr\u00e1cticas asistenciales, la Lp(a) no se incluye en el examen est\u00e1ndar del perfil lip\u00eddico y el m\u00e9dico debe solicitarla espec\u00edficamente. Las directrices europeas y canadienses recomiendan medir los niveles de Lp(a) al menos una vez en la vida adulta, ya que es importante para evaluar con precisi\u00f3n el riesgo cardiovascular de los individuos. Puede intensificarse el tratamiento de otros factores de riesgo cardiovascular en pacientes con niveles elevados de Lp(a). En estos pacientes, los cambios en el estilo de vida y el tratamiento de los niveles elevados de colesterol LDL, la hipertensi\u00f3n y el riesgo de trombosis son a\u00fan m\u00e1s importantes.   <\/p><h2>Tratamiento de la Lp(a) elevada<\/h2><p>Por el momento, no se dispone de tratamientos espec\u00edficos para reducir la Lp(a). Los consejos sobre el estilo de vida, como seguir una dieta sana y dejar de fumar, tienen poco o ning\u00fan efecto sobre los niveles de Lp(a). Los <a href=\"https:\/\/lipidtools.com\/es\/terapias-hipolipemiantes\/\">f\u00e1rmacos que reducen el colesterol<\/a> LDL tampoco afectan apenas a los niveles de Lp(a). Solo los inhibidores de la PCSK9 son capaces de reducir los niveles de Lp(a) hasta en un 25%; una reducci\u00f3n, sin embargo, que es insuficiente para la mayor\u00eda de los pacientes con niveles de Lp(a) extremadamente altos. Actualmente se est\u00e1n investigando f\u00e1rmacos reductores de la Lp(a) en estudios de fase 3 que muestran resultados prometedores, con reducciones de hasta el 90% en los niveles de Lp(a).    <\/p>\t\t\t\t\t\t\t\t<\/div>\n\t\t\t\t<\/div>\n\t\t\t\t\t<\/div>\n\t\t<\/div>\n\t\t\t\t\t<\/div>\n\t\t<\/section>\n\t\t\t\t<\/div>\n\t\t","protected":false},"excerpt":{"rendered":"<p>Lipoprote\u00edna(a) \u00bfQu\u00e9 es la Lp(a)? La lipoprote\u00edna(a) [Lp(a)] es una part\u00edcula lip\u00eddica circulante formada por una part\u00edcula LDL con una uni\u00f3n covalente a una cola de apolipoprote\u00edna(a) [apo(a)]. La cola apo(a) est\u00e1 formada por unas prote\u00ednas denominadas dominio Kringle. El Kringle IV tipo 2 puede variar en longitud y es un determinante importante del tama\u00f1o [&hellip;]<\/p>\n","protected":false},"author":3,"featured_media":0,"parent":0,"menu_order":0,"comment_status":"closed","ping_status":"closed","template":"","meta":{"_acf_changed":false,"footnotes":""},"class_list":["post-2186","page","type-page","status-publish","hentry"],"acf":[],"_links":{"self":[{"href":"https:\/\/lipidtools.com\/es\/wp-json\/wp\/v2\/pages\/2186","targetHints":{"allow":["GET"]}}],"collection":[{"href":"https:\/\/lipidtools.com\/es\/wp-json\/wp\/v2\/pages"}],"about":[{"href":"https:\/\/lipidtools.com\/es\/wp-json\/wp\/v2\/types\/page"}],"author":[{"embeddable":true,"href":"https:\/\/lipidtools.com\/es\/wp-json\/wp\/v2\/users\/3"}],"replies":[{"embeddable":true,"href":"https:\/\/lipidtools.com\/es\/wp-json\/wp\/v2\/comments?post=2186"}],"version-history":[{"count":3,"href":"https:\/\/lipidtools.com\/es\/wp-json\/wp\/v2\/pages\/2186\/revisions"}],"predecessor-version":[{"id":3070,"href":"https:\/\/lipidtools.com\/es\/wp-json\/wp\/v2\/pages\/2186\/revisions\/3070"}],"wp:attachment":[{"href":"https:\/\/lipidtools.com\/es\/wp-json\/wp\/v2\/media?parent=2186"}],"curies":[{"name":"wp","href":"https:\/\/api.w.org\/{rel}","templated":true}]}}